{"id":8313,"date":"2025-03-19T19:39:06","date_gmt":"2025-03-19T19:39:06","guid":{"rendered":"https:\/\/leboss.com.br\/novo\/?post_type=product&#038;p=8313"},"modified":"2025-06-27T18:08:18","modified_gmt":"2025-06-27T18:08:18","slug":"caixa-angelica-zapata","status":"publish","type":"product","link":"https:\/\/leboss.com.br\/novo\/product\/caixa-angelica-zapata\/","title":{"rendered":"Caixa Angelica Zapata"},"content":{"rendered":"","protected":false},"excerpt":{"rendered":"<table width=\"580\" cellspacing=\"0\" cellpadding=\"7\">\n<tbody>\n<tr valign=\"top\">\n<td width=\"39\">\n<p align=\"left\"><b>Item<\/b><\/p>\n<\/td>\n<td width=\"364\">\n<p align=\"left\"><b>Descri\u00e7\u00e3o<\/b><\/p>\n<\/td>\n<td width=\"133\">\n<p align=\"left\"><b>Origem<\/b><\/p>\n<\/td>\n<\/tr>\n<tr valign=\"top\">\n<td bgcolor=\"#7f7f7f\" width=\"39\"><\/td>\n<td bgcolor=\"#7f7f7f\" width=\"364\"><\/td>\n<td bgcolor=\"#7f7f7f\" width=\"133\"><\/td>\n<\/tr>\n<tr valign=\"top\">\n<td width=\"39\">\n<p align=\"left\"><b>001<\/b><\/p>\n<\/td>\n<td width=\"364\">\n<p align=\"left\"><b>Caixa luxo revestida \u2013 Vermelha ou Preta<\/b><\/p>\n<\/td>\n<td width=\"133\">\n<p align=\"left\"><b>Brasil<\/b><\/p>\n<\/td>\n<\/tr>\n<tr valign=\"top\">\n<td width=\"39\">\n<p align=\"left\"><b>002<\/b><\/p>\n<\/td>\n<td width=\"364\">\n<p align=\"left\"><b>Vinho Angelica Zapata Cabernet Sauvignon 750ml<\/b><\/p>\n<\/td>\n<td width=\"133\">\n<p align=\"left\"><b>Argentina<\/b><\/p>\n<\/td>\n<\/tr>\n<tr valign=\"top\">\n<td width=\"39\">\n<p align=\"left\"><b>003<\/b><\/p>\n<\/td>\n<td width=\"364\">\n<p align=\"left\"><b>Rigatoni Fasano 500g<\/b><\/p>\n<\/td>\n<td width=\"133\">\n<p align=\"left\"><b>It\u00e1lia<\/b><\/p>\n<\/td>\n<\/tr>\n<tr valign=\"top\">\n<td width=\"39\">\n<p align=\"left\"><b>004<\/b><\/p>\n<\/td>\n<td width=\"364\">\n<p align=\"left\"><b>Sugo Ponentina con cipole fresche Fasano 180g &#8211; Ser\u00e1 substitu\u00eddo por Molho Marinara Savitar 250g<\/b><\/p>\n<\/td>\n<td width=\"133\">\n<p align=\"left\"><b>It\u00e1lia<\/b><\/p>\n<\/td>\n<\/tr>\n<tr valign=\"top\">\n<td width=\"39\">\n<p align=\"left\"><b>005<\/b><\/p>\n<\/td>\n<td width=\"364\">\n<p align=\"left\"><span lang=\"en-US\"><b>Table Water Black Pepper Carr\u2019s 125g &#8211; Ser\u00e1 Substitu\u00eddo por Biscoito de Caf\u00e9 Coffe Joy<\/b><\/span><\/p>\n<\/td>\n<td width=\"133\">\n<p align=\"left\"><span lang=\"en-US\"><b>Inglaterra<\/b><\/span><\/p>\n<\/td>\n<\/tr>\n<tr valign=\"top\">\n<td width=\"39\">\n<p align=\"left\"><b>006<\/b><\/p>\n<\/td>\n<td width=\"364\">\n<p align=\"left\"><b>Pistaches Selecionados TS Byblos 100g<\/b><\/p>\n<\/td>\n<td width=\"133\">\n<p align=\"left\"><b>L\u00edbano<\/b><\/p>\n<\/td>\n<\/tr>\n<tr valign=\"top\">\n<td width=\"39\">\n<p align=\"left\"><b>007<\/b><\/p>\n<\/td>\n<td width=\"364\">\n<p align=\"left\"><b>Pasta para Bruschetta Azeitonas Pretas La Pastina 140g<\/b><\/p>\n<\/td>\n<td width=\"133\">\n<p align=\"left\"><b>It\u00e1lia<\/b><\/p>\n<\/td>\n<\/tr>\n<tr valign=\"top\">\n<td width=\"39\">\n<p align=\"left\"><b>008<\/b><\/p>\n<\/td>\n<td width=\"364\">\n<p align=\"left\"><b>Mini Azeite extra Virgem Colavita 12 ml<\/b><\/p>\n<\/td>\n<td width=\"133\">\n<p align=\"left\"><b>It\u00e1lia<\/b><\/p>\n<\/td>\n<\/tr>\n<tr valign=\"top\">\n<td width=\"39\">\n<p align=\"left\"><b>009<\/b><\/p>\n<\/td>\n<td width=\"364\">\n<p align=\"left\"><b>Trufas Sabores Diversos solta Weissburg ( 02 un)<\/b><\/p>\n<\/td>\n<td width=\"133\">\n<p align=\"left\"><b>Brasil<\/b><\/p>\n<\/td>\n<\/tr>\n<tr valign=\"top\">\n<td width=\"39\">\n<p align=\"left\"><b>010<\/b><\/p>\n<\/td>\n<td width=\"364\">\n<p align=\"left\"><b>Ta\u00e7as de Cristal Ouro Oxford (02 ta\u00e7as)<\/b><\/p>\n<\/td>\n<td width=\"133\">\n<p align=\"left\"><b>Brasil<\/b><\/p>\n<\/td>\n<\/tr>\n<tr valign=\"top\">\n<td width=\"39\">\n<p align=\"left\"><b>011<\/b><\/p>\n<\/td>\n<td width=\"364\">\n<p align=\"left\"><b>Caixa de Bombons Lindor Balls Milk Lindt 75g<\/b><\/p>\n<\/td>\n<td width=\"133\">\n<p align=\"left\"><b>Su\u00ed\u00e7a<\/b><\/p>\n<\/td>\n<\/tr>\n<tr valign=\"top\">\n<td width=\"39\"><\/td>\n<td width=\"364\"><\/td>\n<td width=\"133\"><\/td>\n<\/tr>\n<\/tbody>\n<\/table>\n","protected":false},"featured_media":8366,"comment_status":"open","ping_status":"closed","template":"","meta":[],"product_brand":[],"product_cat":[127,163,225],"product_tag":[],"class_list":{"0":"post-8313","1":"product","2":"type-product","3":"status-publish","4":"has-post-thumbnail","6":"product_cat-caixa-de-luxo-pequenas","7":"product_cat-destaques","8":"product_cat-especial-dia-dos-pais","10":"first","11":"outofstock","12":"shipping-taxable","13":"purchasable","14":"product-type-simple"},"_links":{"self":[{"href":"https:\/\/leboss.com.br\/novo\/wp-json\/wp\/v2\/product\/8313","targetHints":{"allow":["GET"]}}],"collection":[{"href":"https:\/\/leboss.com.br\/novo\/wp-json\/wp\/v2\/product"}],"about":[{"href":"https:\/\/leboss.com.br\/novo\/wp-json\/wp\/v2\/types\/product"}],"replies":[{"embeddable":true,"href":"https:\/\/leboss.com.br\/novo\/wp-json\/wp\/v2\/comments?post=8313"}],"wp:featuredmedia":[{"embeddable":true,"href":"https:\/\/leboss.com.br\/novo\/wp-json\/wp\/v2\/media\/8366"}],"wp:attachment":[{"href":"https:\/\/leboss.com.br\/novo\/wp-json\/wp\/v2\/media?parent=8313"}],"wp:term":[{"taxonomy":"product_brand","embeddable":true,"href":"https:\/\/leboss.com.br\/novo\/wp-json\/wp\/v2\/product_brand?post=8313"},{"taxonomy":"product_cat","embeddable":true,"href":"https:\/\/leboss.com.br\/novo\/wp-json\/wp\/v2\/product_cat?post=8313"},{"taxonomy":"product_tag","embeddable":true,"href":"https:\/\/leboss.com.br\/novo\/wp-json\/wp\/v2\/product_tag?post=8313"}],"curies":[{"name":"wp","href":"https:\/\/api.w.org\/{rel}","templated":true}]}}