{"id":8246,"date":"2025-03-19T19:38:00","date_gmt":"2025-03-19T19:38:00","guid":{"rendered":"https:\/\/leboss.com.br\/novo\/?post_type=product&#038;p=8246"},"modified":"2025-09-17T23:29:18","modified_gmt":"2025-09-17T23:29:18","slug":"cesta-gourmet-mediterranea","status":"publish","type":"product","link":"https:\/\/leboss.com.br\/novo\/product\/cesta-gourmet-mediterranea\/","title":{"rendered":"Cesta Gourmet Mediterr\u00e2nea"},"content":{"rendered":"","protected":false},"excerpt":{"rendered":"<p>ITEM DESCRI\u00c7\u00c3O ORIGEM<\/p>\n<p>001 Cesta de Vime Fino com Al\u00e7a Torcida Brasil<br \/>\n002 Vinho Cartuxa EA Tinto 750ml Portugal<br \/>\n003 Tagliatella Giuseppe Cocco 500g It\u00e1lia<br \/>\n004 Grissini Salgado Florio 120g Brasil<br \/>\n005 Crostini Parmes\u00e3o e Pecorino La Pastina 200g It\u00e1lia<br \/>\n006 Molho para massas Italiano La Lastina 320g It\u00e1lia<br \/>\n007 Azeitonas Mamute Verdes Olymp 360g Gr\u00e9cia<br \/>\n008 Queijo Fracionado tipo Grana Polenghi 200g Brasil<br \/>\n009 Acepipe de Toamte Seco com Nozes L\u2019Epicier 180g Brasil<br \/>\n010 Torrone de Pistache Renatta Ferian 45g Brasil<br \/>\n011 Bombons Lindor Balls Milk Lindt 75g Sui\u00e7a<br \/>\n012 Handed Cooked Hunter\u2019s Gourmet 25g Dubai<br \/>\n013 Bombons soltos ( 03 unidades) Danke Brasil<\/p>\n<p>014 Mixed Nuts Byblos 100 L\u00edbano<\/p>\n","protected":false},"featured_media":8286,"comment_status":"open","ping_status":"closed","template":"","meta":[],"product_brand":[],"product_cat":[163,240],"product_tag":[245],"class_list":{"0":"post-8246","1":"product","2":"type-product","3":"status-publish","4":"has-post-thumbnail","6":"product_cat-destaques","7":"product_cat-cestas-de-presentes-e-cafe-da-manha","8":"product_tag-diadosnamorados-presentes-presentes-lindt-chocolate-cestas-luxo-vinhos-espumante-cafedamanha-pais-diadospais-aniversario","9":"product_shipping_class-grande-florianopolis","11":"first","12":"instock","13":"shipping-taxable","14":"purchasable","15":"product-type-simple"},"_links":{"self":[{"href":"https:\/\/leboss.com.br\/novo\/wp-json\/wp\/v2\/product\/8246","targetHints":{"allow":["GET"]}}],"collection":[{"href":"https:\/\/leboss.com.br\/novo\/wp-json\/wp\/v2\/product"}],"about":[{"href":"https:\/\/leboss.com.br\/novo\/wp-json\/wp\/v2\/types\/product"}],"replies":[{"embeddable":true,"href":"https:\/\/leboss.com.br\/novo\/wp-json\/wp\/v2\/comments?post=8246"}],"wp:featuredmedia":[{"embeddable":true,"href":"https:\/\/leboss.com.br\/novo\/wp-json\/wp\/v2\/media\/8286"}],"wp:attachment":[{"href":"https:\/\/leboss.com.br\/novo\/wp-json\/wp\/v2\/media?parent=8246"}],"wp:term":[{"taxonomy":"product_brand","embeddable":true,"href":"https:\/\/leboss.com.br\/novo\/wp-json\/wp\/v2\/product_brand?post=8246"},{"taxonomy":"product_cat","embeddable":true,"href":"https:\/\/leboss.com.br\/novo\/wp-json\/wp\/v2\/product_cat?post=8246"},{"taxonomy":"product_tag","embeddable":true,"href":"https:\/\/leboss.com.br\/novo\/wp-json\/wp\/v2\/product_tag?post=8246"}],"curies":[{"name":"wp","href":"https:\/\/api.w.org\/{rel}","templated":true}]}}