{"id":8230,"date":"2025-03-19T19:37:34","date_gmt":"2025-03-19T19:37:34","guid":{"rendered":"https:\/\/leboss.com.br\/novo\/?post_type=product&#038;p=8230"},"modified":"2025-11-05T21:07:10","modified_gmt":"2025-11-05T21:07:10","slug":"caixa-coracao-rose","status":"publish","type":"product","link":"https:\/\/leboss.com.br\/novo\/product\/caixa-coracao-rose\/","title":{"rendered":"Caixa Cora\u00e7\u00e3o Ros\u00e9"},"content":{"rendered":"","protected":false},"excerpt":{"rendered":"<p>Item Descri\u00e7\u00e3o Origem<\/p>\n<table>\n<tbody>\n<tr>\n<td width=\"54\">001<\/td>\n<td width=\"416\">Caixa de luxo 1 garrafa Brasil<\/td>\n<td width=\"106\">Brasil<\/td>\n<\/tr>\n<tr>\n<td width=\"54\">002<\/td>\n<td width=\"416\">Espumante Rose Ice JP Chenet 200ml<\/td>\n<td width=\"106\">Fran\u00e7a<\/td>\n<\/tr>\n<tr>\n<td width=\"54\">003<\/td>\n<td width=\"416\">Lata Formato Cora\u00e7\u00e3o Bombons Lindt 50g<\/td>\n<td width=\"106\">Sui\u00e7a<\/td>\n<\/tr>\n<tr>\n<td width=\"54\">004<\/td>\n<td width=\"416\">Molho Gourmet Bruschetta Tomate Seco 140g<\/td>\n<td width=\"106\">It\u00e1lia<\/td>\n<\/tr>\n<tr>\n<td width=\"54\">005<\/td>\n<td width=\"416\">Torradas Finas Vermont 44g<\/td>\n<td width=\"106\">Brasil<\/td>\n<\/tr>\n<tr>\n<td width=\"54\">006<\/td>\n<td width=\"416\">Mini Torrone Renatta Ferian 45g<\/td>\n<td width=\"106\">Brasil<\/td>\n<\/tr>\n<\/tbody>\n<\/table>\n","protected":false},"featured_media":8279,"comment_status":"open","ping_status":"closed","template":"","meta":[],"product_brand":[],"product_cat":[163,240,225],"product_tag":[242],"class_list":{"0":"post-8230","1":"product","2":"type-product","3":"status-publish","4":"has-post-thumbnail","6":"product_cat-destaques","7":"product_cat-cestas-de-presentes-e-cafe-da-manha","8":"product_cat-especial-dia-dos-pais","9":"product_tag-diadosnamorados-presentes-lindt-chocolate-cestas-luxo-vinhos-espumante-cestacafedamanha-cafe-namorado-emporio-cestadepresente-diadospais-delivery","10":"product_shipping_class-grande-florianopolis","12":"first","13":"instock","14":"shipping-taxable","15":"purchasable","16":"product-type-simple"},"_links":{"self":[{"href":"https:\/\/leboss.com.br\/novo\/wp-json\/wp\/v2\/product\/8230","targetHints":{"allow":["GET"]}}],"collection":[{"href":"https:\/\/leboss.com.br\/novo\/wp-json\/wp\/v2\/product"}],"about":[{"href":"https:\/\/leboss.com.br\/novo\/wp-json\/wp\/v2\/types\/product"}],"replies":[{"embeddable":true,"href":"https:\/\/leboss.com.br\/novo\/wp-json\/wp\/v2\/comments?post=8230"}],"wp:featuredmedia":[{"embeddable":true,"href":"https:\/\/leboss.com.br\/novo\/wp-json\/wp\/v2\/media\/8279"}],"wp:attachment":[{"href":"https:\/\/leboss.com.br\/novo\/wp-json\/wp\/v2\/media?parent=8230"}],"wp:term":[{"taxonomy":"product_brand","embeddable":true,"href":"https:\/\/leboss.com.br\/novo\/wp-json\/wp\/v2\/product_brand?post=8230"},{"taxonomy":"product_cat","embeddable":true,"href":"https:\/\/leboss.com.br\/novo\/wp-json\/wp\/v2\/product_cat?post=8230"},{"taxonomy":"product_tag","embeddable":true,"href":"https:\/\/leboss.com.br\/novo\/wp-json\/wp\/v2\/product_tag?post=8230"}],"curies":[{"name":"wp","href":"https:\/\/api.w.org\/{rel}","templated":true}]}}