{"id":8219,"date":"2025-03-19T19:36:52","date_gmt":"2025-03-19T19:36:52","guid":{"rendered":"https:\/\/leboss.com.br\/novo\/?post_type=product&#038;p=8219"},"modified":"2025-03-19T19:38:40","modified_gmt":"2025-03-19T19:38:40","slug":"caixa-premieres-fleurs","status":"publish","type":"product","link":"https:\/\/leboss.com.br\/novo\/product\/caixa-premieres-fleurs\/","title":{"rendered":"Caixa Premi\u00e8res Fleurs"},"content":{"rendered":"","protected":false},"excerpt":{"rendered":"<p>Item Descri\u00e7\u00e3o Origem<\/p>\n<p>001 Caixa Vermelha de luxo Brasil<br \/>\n002 Cr\u00e8mant de Bourgogne Premi\u00e9res Fleurs Veuve Ambal 750ml Fran\u00e7a<br \/>\n003 02 Ta\u00e7as de Cristal Ouro 240ml Brasil<br \/>\n004 \u00c1gua Voss 375ml Noruega<br \/>\n005 Lata Cora\u00e7\u00e3o com Bombons Lindor Balls 50g Sui\u00e7a<\/p>\n","protected":false},"featured_media":8265,"comment_status":"open","ping_status":"closed","template":"","meta":[],"product_brand":[],"product_cat":[163],"product_tag":[245],"class_list":{"0":"post-8219","1":"product","2":"type-product","3":"status-publish","4":"has-post-thumbnail","6":"product_cat-destaques","7":"product_tag-diadosnamorados-presentes-presentes-lindt-chocolate-cestas-luxo-vinhos-espumante-cafedamanha-pais-diadospais-aniversario","8":"product_shipping_class-grande-florianopolis","10":"first","11":"outofstock","12":"shipping-taxable","13":"purchasable","14":"product-type-simple"},"_links":{"self":[{"href":"https:\/\/leboss.com.br\/novo\/wp-json\/wp\/v2\/product\/8219","targetHints":{"allow":["GET"]}}],"collection":[{"href":"https:\/\/leboss.com.br\/novo\/wp-json\/wp\/v2\/product"}],"about":[{"href":"https:\/\/leboss.com.br\/novo\/wp-json\/wp\/v2\/types\/product"}],"replies":[{"embeddable":true,"href":"https:\/\/leboss.com.br\/novo\/wp-json\/wp\/v2\/comments?post=8219"}],"wp:featuredmedia":[{"embeddable":true,"href":"https:\/\/leboss.com.br\/novo\/wp-json\/wp\/v2\/media\/8265"}],"wp:attachment":[{"href":"https:\/\/leboss.com.br\/novo\/wp-json\/wp\/v2\/media?parent=8219"}],"wp:term":[{"taxonomy":"product_brand","embeddable":true,"href":"https:\/\/leboss.com.br\/novo\/wp-json\/wp\/v2\/product_brand?post=8219"},{"taxonomy":"product_cat","embeddable":true,"href":"https:\/\/leboss.com.br\/novo\/wp-json\/wp\/v2\/product_cat?post=8219"},{"taxonomy":"product_tag","embeddable":true,"href":"https:\/\/leboss.com.br\/novo\/wp-json\/wp\/v2\/product_tag?post=8219"}],"curies":[{"name":"wp","href":"https:\/\/api.w.org\/{rel}","templated":true}]}}