{"id":8209,"date":"2025-03-19T19:36:51","date_gmt":"2025-03-19T19:36:51","guid":{"rendered":"https:\/\/leboss.com.br\/novo\/?post_type=product&#038;p=8209"},"modified":"2026-03-15T21:25:37","modified_gmt":"2026-03-15T21:25:37","slug":"caixa-de-luxo-leon-perdigal","status":"publish","type":"product","link":"https:\/\/leboss.com.br\/novo\/product\/caixa-de-luxo-leon-perdigal\/","title":{"rendered":"CAIXA DE LUXO L\u00c9ON PERDIGAL"},"content":{"rendered":"","protected":false},"excerpt":{"rendered":"<table>\n<tbody>\n<tr>\n<td width=\"54\"><strong>Item<\/strong><\/td>\n<td width=\"416\"><strong>Descri\u00e7\u00e3o<\/strong><\/td>\n<td width=\"106\"><strong>Origem<\/strong><\/td>\n<\/tr>\n<tr>\n<td width=\"54\"><strong>\u00a0<\/strong><\/td>\n<td width=\"416\"><strong>\u00a0<\/strong><\/td>\n<td width=\"106\"><strong>\u00a0<\/strong><\/td>\n<\/tr>\n<tr>\n<td width=\"54\"><strong>001<\/strong><\/td>\n<td width=\"416\"><strong>Caixa de Luxo R\u00edgida<\/strong><\/td>\n<td width=\"106\"><strong>Brasil<\/strong><\/td>\n<\/tr>\n<tr>\n<td width=\"54\"><strong>002<\/strong><\/td>\n<td width=\"416\"><strong>Vinho Tinto C\u00f4tes du Rh\u00f4ne L\u00e9on Perdigal 750ml<\/strong><\/td>\n<td width=\"106\"><strong>Fran\u00e7a<\/strong><\/td>\n<\/tr>\n<tr>\n<td width=\"54\"><strong>003<\/strong><\/td>\n<td width=\"416\"><strong>Peperonatta in olio di semi di Girassol Colavita 330g<\/strong><\/td>\n<td width=\"106\"><strong>It\u00e1lia<\/strong><\/td>\n<\/tr>\n<tr>\n<td width=\"54\"><strong>004<\/strong><\/td>\n<td width=\"416\"><strong>Drag\u00e9es de Macad\u00e2mia com Chocolate ao leite Nugali 100g<\/strong><\/td>\n<td width=\"106\"><strong>Brasil<\/strong><\/td>\n<\/tr>\n<tr>\n<td width=\"54\"><strong>005<\/strong><\/td>\n<td width=\"416\"><strong>Pistaches Selecionados Torrados e Salgados Byblos 100g<\/strong><\/td>\n<td width=\"106\"><strong>L\u00edbano<\/strong><\/td>\n<\/tr>\n<tr>\n<td width=\"54\"><strong>006<\/strong><\/td>\n<td width=\"416\"><strong>Lata de Cora\u00e7\u00e3o com Bombons Lindor balls Milk Lindt 50g<\/strong><\/td>\n<td width=\"106\"><strong>Sui\u00e7a<\/strong><\/td>\n<\/tr>\n<\/tbody>\n<\/table>\n","protected":false},"featured_media":8253,"comment_status":"open","ping_status":"closed","template":"","meta":[],"product_brand":[],"product_cat":[127,163,225],"product_tag":[204],"class_list":{"0":"post-8209","1":"product","2":"type-product","3":"status-publish","4":"has-post-thumbnail","6":"product_cat-caixa-de-luxo-pequenas","7":"product_cat-destaques","8":"product_cat-especial-dia-dos-pais","9":"product_tag-diadosnamorados-presentes-presentes-lindt-chocolate-cestas-luxo-vinhos-espumante","11":"first","12":"outofstock","13":"shipping-taxable","14":"purchasable","15":"product-type-simple"},"_links":{"self":[{"href":"https:\/\/leboss.com.br\/novo\/wp-json\/wp\/v2\/product\/8209","targetHints":{"allow":["GET"]}}],"collection":[{"href":"https:\/\/leboss.com.br\/novo\/wp-json\/wp\/v2\/product"}],"about":[{"href":"https:\/\/leboss.com.br\/novo\/wp-json\/wp\/v2\/types\/product"}],"replies":[{"embeddable":true,"href":"https:\/\/leboss.com.br\/novo\/wp-json\/wp\/v2\/comments?post=8209"}],"wp:featuredmedia":[{"embeddable":true,"href":"https:\/\/leboss.com.br\/novo\/wp-json\/wp\/v2\/media\/8253"}],"wp:attachment":[{"href":"https:\/\/leboss.com.br\/novo\/wp-json\/wp\/v2\/media?parent=8209"}],"wp:term":[{"taxonomy":"product_brand","embeddable":true,"href":"https:\/\/leboss.com.br\/novo\/wp-json\/wp\/v2\/product_brand?post=8209"},{"taxonomy":"product_cat","embeddable":true,"href":"https:\/\/leboss.com.br\/novo\/wp-json\/wp\/v2\/product_cat?post=8209"},{"taxonomy":"product_tag","embeddable":true,"href":"https:\/\/leboss.com.br\/novo\/wp-json\/wp\/v2\/product_tag?post=8209"}],"curies":[{"name":"wp","href":"https:\/\/api.w.org\/{rel}","templated":true}]}}