{"id":4376,"date":"2016-04-19T16:16:52","date_gmt":"2016-04-19T16:16:52","guid":{"rendered":"http:\/\/192.168.1.236:8888\/gecko\/?page_id=4376"},"modified":"2019-06-10T01:58:07","modified_gmt":"2019-06-10T01:58:07","slug":"politica-entrega","status":"publish","type":"page","link":"https:\/\/leboss.com.br\/novo\/politica-entrega\/","title":{"rendered":"Pol\u00edtica de Entrega"},"content":{"rendered":"<div class=\"wpb-content-wrapper\"><p>[vc_row css=&#8221;.vc_custom_1461082826336{margin-bottom: 60px !important;}&#8221;][vc_column][vc_column_text]<\/p>\n<div class=\"shipping-delivery\">\n<p>Para verificar o andamento do seu pedido, basta clicar no link \u201cMeus Pedidos\u201d e se logar, colocando seu e-mail e sua senha. Nesta p\u00e1gina, voc\u00ea recebe um status sobre o andamento da sua entrega.\u00a0 Al\u00e9m disso, enviamos periodicamente e-mails com estas informa\u00e7\u00f5es.<\/p>\n<p>Voc\u00ea deve se certificar que haver\u00e1 uma pessoa respons\u00e1vel no local da entrega, durante o prazo informado, para receber os produtos. Caso n\u00e3o haja algu\u00e9m para o recebimento, a Leboss entra em contato, por\u00e9m o prazo original pode ser alterado e tamb\u00e9m pode haver uma taxa de reenvio.<\/p>\n<p>Caso os pedidos apresentem aus\u00eancia de dados que n\u00e3o permitam finalizar o processo de compra, a Leboss entra em contato pelo e-mail ou pelo telefone para garantir a finaliza\u00e7\u00e3o do processo.<\/p>\n<p>Se ap\u00f3s tr\u00eas tentativas de contato os dados continuarem insuficientes para a efetiva\u00e7\u00e3o da compra, o pedido \u00e9 cancelado. Este procedimento ser\u00e1 informado via e-mail ou telefone.<\/p>\n<p>Para sua total seguran\u00e7a, as entregas em condom\u00ednios s\u00e3o realizadas na portaria.<\/p>\n<p>Os Correios n\u00e3o efetuam entrega domiciliar em algumas cidades, em \u00e1rea rural, logradouros de dif\u00edcil acesso ou de risco. Nesses casos, o cliente recebe um aviso informando que o pedido est\u00e1 dispon\u00edvel para retirada na ag\u00eancia mais pr\u00f3xima. Os itens ficam dispon\u00edveis por um prazo de sete dias corridos. Ap\u00f3s o per\u00edodo mencionado, os objetos n\u00e3o procurados s\u00e3o devolvidos aos remetentes.<\/p>\n<p><strong>Frete: <\/strong><br \/>\nO valor a ser pago pelo frete \u00e9 calculado com base no local de entrega, peso e dimens\u00f5es dos produtos adquiridos. Este c\u00e1lculo \u00e9 informado durante o processo de compra.<\/p>\n<\/div>\n<p>[\/vc_column_text][\/vc_column][\/vc_row]<\/p>\n<\/div>","protected":false},"excerpt":{"rendered":"<p>[vc_row css=&#8221;.vc_custom_1461082826336{margin-bottom: 60px !important;}&#8221;][vc_column][vc_column_text] Para verificar o andamento do seu pedido, basta clicar no link \u201cMeus Pedidos\u201d e se logar, colocando seu e-mail e sua senha. Nesta p\u00e1gina, voc\u00ea recebe um status sobre o andamento da sua entrega.\u00a0 Al\u00e9m disso, enviamos periodicamente e-mails com estas informa\u00e7\u00f5es. Voc\u00ea deve se certificar que haver\u00e1 uma pessoa respons\u00e1vel [&hellip;]<\/p>\n","protected":false},"author":1,"featured_media":5866,"parent":0,"menu_order":0,"comment_status":"closed","ping_status":"closed","template":"","meta":{"footnotes":""},"class_list":["post-4376","page","type-page","status-publish","has-post-thumbnail","hentry"],"_links":{"self":[{"href":"https:\/\/leboss.com.br\/novo\/wp-json\/wp\/v2\/pages\/4376","targetHints":{"allow":["GET"]}}],"collection":[{"href":"https:\/\/leboss.com.br\/novo\/wp-json\/wp\/v2\/pages"}],"about":[{"href":"https:\/\/leboss.com.br\/novo\/wp-json\/wp\/v2\/types\/page"}],"author":[{"embeddable":true,"href":"https:\/\/leboss.com.br\/novo\/wp-json\/wp\/v2\/users\/1"}],"replies":[{"embeddable":true,"href":"https:\/\/leboss.com.br\/novo\/wp-json\/wp\/v2\/comments?post=4376"}],"version-history":[{"count":2,"href":"https:\/\/leboss.com.br\/novo\/wp-json\/wp\/v2\/pages\/4376\/revisions"}],"predecessor-version":[{"id":6310,"href":"https:\/\/leboss.com.br\/novo\/wp-json\/wp\/v2\/pages\/4376\/revisions\/6310"}],"wp:featuredmedia":[{"embeddable":true,"href":"https:\/\/leboss.com.br\/novo\/wp-json\/wp\/v2\/media\/5866"}],"wp:attachment":[{"href":"https:\/\/leboss.com.br\/novo\/wp-json\/wp\/v2\/media?parent=4376"}],"curies":[{"name":"wp","href":"https:\/\/api.w.org\/{rel}","templated":true}]}}