{"id":3928,"date":"2016-04-03T19:02:18","date_gmt":"2016-04-03T19:02:18","guid":{"rendered":"http:\/\/janstudio.net\/gecko\/?page_id=3928"},"modified":"2019-06-10T03:17:08","modified_gmt":"2019-06-10T03:17:08","slug":"formas-pagamento","status":"publish","type":"page","link":"https:\/\/leboss.com.br\/novo\/formas-pagamento\/","title":{"rendered":"Formas de Pagamento"},"content":{"rendered":"<div class=\"wpb-content-wrapper\"><p>[vc_row css=&#8221;.vc_custom_1461496273975{margin-bottom: 60px !important;padding-top: 0px !important;}&#8221;][vc_column][vc_column_text]<\/p>\n<div class=\"terms\">\n<p><strong>Boleto Banc\u00e1rio\u00a0 <\/strong><\/p>\n<p>O boleto \u00e9 exibido logo ap\u00f3s a finaliza\u00e7\u00e3o da compra e tamb\u00e9m enviado para o e-mail cadastrado. Ele pode ser pago em qualquer ag\u00eancia banc\u00e1ria ou <em>internet banking<\/em> do seu banco de prefer\u00eancia e at\u00e9 mesmo em lot\u00e9ricas ou Correios.<\/p>\n<p>Se precisar de uma segunda via, ela pode ser adquirida clicando em &#8220;Meus Pedidos&#8221;.<\/p>\n<p>A validade do boleto \u00e9 de tr\u00eas dias corridos e o prazo de entrega da mercadoria come\u00e7a a contar ap\u00f3s a confirma\u00e7\u00e3o do pagamento. Caso n\u00e3o efetue o pagamento dentro deste prazo, deve-se refazer a compra.<\/p>\n<p><strong>Cart\u00f5es de Cr\u00e9dito<\/strong><\/p>\n<p>A loja virtual da Casa Santa Luzia aceita os seguintes cart\u00f5es de cr\u00e9dito:<br \/>\n<img loading=\"lazy\" decoding=\"async\" class=\"alignnone size-medium wp-image-6317\" src=\"https:\/\/leboss.com.br\/test_zone\/wp-content\/uploads\/2019\/06\/bandeiras-hori-300x52.png\" alt=\"\" width=\"300\" height=\"52\" srcset=\"https:\/\/leboss.com.br\/novo\/wp-content\/uploads\/2019\/06\/bandeiras-hori-300x52.png 300w, https:\/\/leboss.com.br\/novo\/wp-content\/uploads\/2019\/06\/bandeiras-hori-150x26.png 150w, https:\/\/leboss.com.br\/novo\/wp-content\/uploads\/2019\/06\/bandeiras-hori.png 739w\" sizes=\"auto, (max-width: 300px) 100vw, 300px\" \/><\/p>\n<p>Para sua comodidade e seguran\u00e7a, ap\u00f3s qualquer compra, a Casa Santa Luzia confirma os dados cadastrais junto \u00e0 administradora do cart\u00e3o de cr\u00e9dito em quest\u00e3o. Caso haja alguma diverg\u00eancia que possa acarretar atraso na entrega do pedido, voc\u00ea ser\u00e1 informado(a) pelo e-mail cadastrado. Refor\u00e7amos que este procedimento \u00e9 necess\u00e1rio para garantir sua total seguran\u00e7a em nosso site.<\/p>\n<p>N\u00e3o \u00e9 poss\u00edvel parcelar as compras feitas com cart\u00e3o de cr\u00e9dito.<\/p>\n<p>N\u00e3o aceitamos cart\u00f5es de d\u00e9bito.<\/p>\n<\/div>\n<p>[\/vc_column_text][\/vc_column][\/vc_row]<\/p>\n<\/div>","protected":false},"excerpt":{"rendered":"<p>[vc_row css=&#8221;.vc_custom_1461496273975{margin-bottom: 60px !important;padding-top: 0px !important;}&#8221;][vc_column][vc_column_text] Boleto Banc\u00e1rio\u00a0 O boleto \u00e9 exibido logo ap\u00f3s a finaliza\u00e7\u00e3o da compra e tamb\u00e9m enviado para o e-mail cadastrado. Ele pode ser pago em qualquer ag\u00eancia banc\u00e1ria ou internet banking do seu banco de prefer\u00eancia e at\u00e9 mesmo em lot\u00e9ricas ou Correios. Se precisar de uma segunda via, ela [&hellip;]<\/p>\n","protected":false},"author":1,"featured_media":5866,"parent":0,"menu_order":0,"comment_status":"closed","ping_status":"closed","template":"","meta":{"footnotes":""},"class_list":["post-3928","page","type-page","status-publish","has-post-thumbnail","hentry"],"_links":{"self":[{"href":"https:\/\/leboss.com.br\/novo\/wp-json\/wp\/v2\/pages\/3928","targetHints":{"allow":["GET"]}}],"collection":[{"href":"https:\/\/leboss.com.br\/novo\/wp-json\/wp\/v2\/pages"}],"about":[{"href":"https:\/\/leboss.com.br\/novo\/wp-json\/wp\/v2\/types\/page"}],"author":[{"embeddable":true,"href":"https:\/\/leboss.com.br\/novo\/wp-json\/wp\/v2\/users\/1"}],"replies":[{"embeddable":true,"href":"https:\/\/leboss.com.br\/novo\/wp-json\/wp\/v2\/comments?post=3928"}],"version-history":[{"count":4,"href":"https:\/\/leboss.com.br\/novo\/wp-json\/wp\/v2\/pages\/3928\/revisions"}],"predecessor-version":[{"id":6318,"href":"https:\/\/leboss.com.br\/novo\/wp-json\/wp\/v2\/pages\/3928\/revisions\/6318"}],"wp:featuredmedia":[{"embeddable":true,"href":"https:\/\/leboss.com.br\/novo\/wp-json\/wp\/v2\/media\/5866"}],"wp:attachment":[{"href":"https:\/\/leboss.com.br\/novo\/wp-json\/wp\/v2\/media?parent=3928"}],"curies":[{"name":"wp","href":"https:\/\/api.w.org\/{rel}","templated":true}]}}