{"id":3914,"date":"2016-04-03T18:21:39","date_gmt":"2016-04-03T18:21:39","guid":{"rendered":"http:\/\/janstudio.net\/gecko\/?page_id=3914"},"modified":"2019-06-17T19:41:37","modified_gmt":"2019-06-17T19:41:37","slug":"outras-informacoes","status":"publish","type":"page","link":"https:\/\/leboss.com.br\/novo\/outras-informacoes\/","title":{"rendered":"Outras Informa\u00e7\u00f5es"},"content":{"rendered":"<div class=\"wpb-content-wrapper\"><p>[vc_row css=&#8221;.vc_custom_1461082815833{margin-bottom: 60px !important;}&#8221;][vc_column][vc_column_text]Na loja virtual Leboss Delicatessen, voc\u00ea encontra o mesmo cuidado com a qualidade dos produtos que temos na loja f\u00edsica. Disponibilizamos no site uma sele\u00e7\u00e3o de produtos especiais, como, por exemplo, bebidas e alimentos importados.<\/p>\n<p>Na Leboss Delicatessen, voc\u00ea conta com um Servi\u00e7o de Atendimento ao Cliente (SAC), que disponibiliza canais para que voc\u00ea possa sugerir, elogiar, esclarecer d\u00favidas ou fazer uma cr\u00edtica. Voc\u00ea pode entrar em contato conosco das seguintes formas:<\/p>\n<p><strong>Telefone:<\/strong><br \/>\nLoja: (48) 3025-2300<br \/>\nLoja online: (48) 9116.2300 (whats)<\/p>\n<p><strong>E-mails:<\/strong><br \/>\ncontato@localhost<\/p>\n<div class=\"col-xs-12 col-md-10 conteudo-institucional\">\n<p><strong>Em nossa loja:<\/strong><br \/>\nRua Bocaiuva, 2468 &#8211; Loja 163 Shopping Beiramar &#8211; Centro Florian\u00f3polis &#8211; CEP: 88015-902<\/p>\n<\/div>\n<p>[\/vc_column_text][\/vc_column][\/vc_row]<\/p>\n<\/div>","protected":false},"excerpt":{"rendered":"<p>[vc_row css=&#8221;.vc_custom_1461082815833{margin-bottom: 60px !important;}&#8221;][vc_column][vc_column_text]Na loja virtual Leboss Delicatessen, voc\u00ea encontra o mesmo cuidado com a qualidade dos produtos que temos na loja f\u00edsica. Disponibilizamos no site uma sele\u00e7\u00e3o de produtos especiais, como, por exemplo, bebidas e alimentos importados. Na Leboss Delicatessen, voc\u00ea conta com um Servi\u00e7o de Atendimento ao Cliente (SAC), que disponibiliza canais para [&hellip;]<\/p>\n","protected":false},"author":1,"featured_media":5866,"parent":0,"menu_order":0,"comment_status":"closed","ping_status":"closed","template":"","meta":{"footnotes":""},"class_list":["post-3914","page","type-page","status-publish","has-post-thumbnail","hentry"],"_links":{"self":[{"href":"https:\/\/leboss.com.br\/novo\/wp-json\/wp\/v2\/pages\/3914","targetHints":{"allow":["GET"]}}],"collection":[{"href":"https:\/\/leboss.com.br\/novo\/wp-json\/wp\/v2\/pages"}],"about":[{"href":"https:\/\/leboss.com.br\/novo\/wp-json\/wp\/v2\/types\/page"}],"author":[{"embeddable":true,"href":"https:\/\/leboss.com.br\/novo\/wp-json\/wp\/v2\/users\/1"}],"replies":[{"embeddable":true,"href":"https:\/\/leboss.com.br\/novo\/wp-json\/wp\/v2\/comments?post=3914"}],"version-history":[{"count":4,"href":"https:\/\/leboss.com.br\/novo\/wp-json\/wp\/v2\/pages\/3914\/revisions"}],"predecessor-version":[{"id":6388,"href":"https:\/\/leboss.com.br\/novo\/wp-json\/wp\/v2\/pages\/3914\/revisions\/6388"}],"wp:featuredmedia":[{"embeddable":true,"href":"https:\/\/leboss.com.br\/novo\/wp-json\/wp\/v2\/media\/5866"}],"wp:attachment":[{"href":"https:\/\/leboss.com.br\/novo\/wp-json\/wp\/v2\/media?parent=3914"}],"curies":[{"name":"wp","href":"https:\/\/api.w.org\/{rel}","templated":true}]}}