{"id":3912,"date":"2016-04-03T18:17:17","date_gmt":"2016-04-03T18:17:17","guid":{"rendered":"http:\/\/janstudio.net\/gecko\/?page_id=3912"},"modified":"2019-06-09T21:32:18","modified_gmt":"2019-06-09T21:32:18","slug":"politica-privacidade","status":"publish","type":"page","link":"https:\/\/leboss.com.br\/novo\/politica-privacidade\/","title":{"rendered":"Pol\u00edtica de Privacidade"},"content":{"rendered":"<div class=\"wpb-content-wrapper\"><p>[vc_row css=&#8221;.vc_custom_1459707955666{margin-top: 0px !important;margin-bottom: 0px !important;}&#8221;][vc_column][vc_column_text]<\/p>\n<h3>Pol\u00edtica de Privacidade<\/h3>\n<p>A Leboss Delicatessen tem total compromisso com a privacidade e a seguran\u00e7a dos clientes durante todo o processo de navega\u00e7\u00e3o e compra em nossa loja virtual. Por isso, garantimos que os dados cadastrais dos clientes n\u00e3o s\u00e3o vendidos, trocados ou divulgados para terceiros, exceto quando essas informa\u00e7\u00f5es s\u00e3o necess\u00e1rias para o processo de entrega, cobran\u00e7a ou para participa\u00e7\u00e3o em promo\u00e7\u00f5es solicitadas pelos clientes.<\/p>\n<p>Todas as nossas p\u00e1ginas s\u00e3o seguras e protegidas. Os servidores s\u00e3o resguardados com a tecnologia SSL (Secure Sockets Layer), ou seja, todos os dados s\u00e3o criptografados, permitindo que sua compra seja totalmente segura.<\/p>\n<p>No momento da aprova\u00e7\u00e3o do pagamento utilizando o cart\u00e3o de cr\u00e9dito, todos os dados encontram-se nos servidores dos bancos e das administradoras de cart\u00f5es de cr\u00e9dito, ou seja, n\u00e3o h\u00e1 qualquer interven\u00e7\u00e3o humana nesse processo.<\/p>\n<p>N\u00e3o forne\u00e7a sua senha a terceiros, ela \u00e9 intransfer\u00edvel e garante sua integridade. Dessa forma voc\u00ea se previne contra fraudes e golpes virtuais.<\/p>\n<p>Qualquer altera\u00e7\u00e3o sobre nossa pol\u00edtica de privacidade ser\u00e1 devidamente informada neste espa\u00e7o.<\/p>\n<p>[\/vc_column_text][\/vc_column][\/vc_row]<\/p>\n<\/div>","protected":false},"excerpt":{"rendered":"<p>[vc_row css=&#8221;.vc_custom_1459707955666{margin-top: 0px !important;margin-bottom: 0px !important;}&#8221;][vc_column][vc_column_text] Pol\u00edtica de Privacidade A Leboss Delicatessen tem total compromisso com a privacidade e a seguran\u00e7a dos clientes durante todo o processo de navega\u00e7\u00e3o e compra em nossa loja virtual. Por isso, garantimos que os dados cadastrais dos clientes n\u00e3o s\u00e3o vendidos, trocados ou divulgados para terceiros, exceto quando essas [&hellip;]<\/p>\n","protected":false},"author":1,"featured_media":5866,"parent":0,"menu_order":0,"comment_status":"closed","ping_status":"closed","template":"","meta":{"footnotes":""},"class_list":["post-3912","page","type-page","status-publish","has-post-thumbnail","hentry"],"_links":{"self":[{"href":"https:\/\/leboss.com.br\/novo\/wp-json\/wp\/v2\/pages\/3912","targetHints":{"allow":["GET"]}}],"collection":[{"href":"https:\/\/leboss.com.br\/novo\/wp-json\/wp\/v2\/pages"}],"about":[{"href":"https:\/\/leboss.com.br\/novo\/wp-json\/wp\/v2\/types\/page"}],"author":[{"embeddable":true,"href":"https:\/\/leboss.com.br\/novo\/wp-json\/wp\/v2\/users\/1"}],"replies":[{"embeddable":true,"href":"https:\/\/leboss.com.br\/novo\/wp-json\/wp\/v2\/comments?post=3912"}],"version-history":[{"count":2,"href":"https:\/\/leboss.com.br\/novo\/wp-json\/wp\/v2\/pages\/3912\/revisions"}],"predecessor-version":[{"id":6304,"href":"https:\/\/leboss.com.br\/novo\/wp-json\/wp\/v2\/pages\/3912\/revisions\/6304"}],"wp:featuredmedia":[{"embeddable":true,"href":"https:\/\/leboss.com.br\/novo\/wp-json\/wp\/v2\/media\/5866"}],"wp:attachment":[{"href":"https:\/\/leboss.com.br\/novo\/wp-json\/wp\/v2\/media?parent=3912"}],"curies":[{"name":"wp","href":"https:\/\/api.w.org\/{rel}","templated":true}]}}