{"id":2904,"date":"2015-12-24T12:01:56","date_gmt":"2015-12-24T12:01:56","guid":{"rendered":"http:\/\/flow.elated-themes.com\/?page_id=2904"},"modified":"2025-04-09T22:39:29","modified_gmt":"2025-04-09T22:39:29","slug":"sobre-nos","status":"publish","type":"page","link":"https:\/\/leboss.com.br\/novo\/sobre-nos\/","title":{"rendered":"Sobre N\u00f3s"},"content":{"rendered":"<div class=\"wpb-content-wrapper\"><p>[vc_row css=&#8221;.vc_custom_1464951234466{margin-top: 60px !important;}&#8221;][vc_column width=&#8221;1\/2&#8243;][vc_column_text]<\/p>\n<h3 class=\"tu fs__20\"><strong>Sobre a Le Boss Delicatessen<\/strong><\/h3>\n<p>A tradi\u00e7\u00e3o de presentear torna-se mais significativa quando os sonhos, desejos e emo\u00e7\u00f5es s\u00e3o traduzidos em um gesto de puro carinho.<\/p>\n<p>A Le Boss Delicatessen nasceu com o objetivo de transformar o ritual do presente em um processo de encantamento e magia.<br \/>\nSomos uma empresa especializada na elabora\u00e7\u00e3o de Cestas e Presentes para as mais variadas ocasi\u00f5es e datas comemorativas, atendendo empresas e pessoas f\u00edsicas.[\/vc_column_text][\/vc_column][vc_column width=&#8221;1\/2&#8243;][vc_column_text]<\/p>\n<h3 class=\"tu fs__20\">A Le Boss Delicatessen<\/h3>\n<p>possui uma gama de embalagens de variados tamanhos, decoradas com carinho e eleg\u00e2ncia, organizadas com produtos importados e nacionais de qualidade e sabores refinados.<br \/>\nEntendemos que o verdadeiro presente \u00e9 o ato de presentear.<\/p>\n<p>A Le Boss Delicatessen \u00e9 o fruto do entendimento que nossos presentes representam um dos poucos que s\u00e3o compartilhados por todos os membros da fam\u00edlia, representando um forte componente de magia e uni\u00e3o.[\/vc_column_text][\/vc_column][\/vc_row][vc_row fullwidth=&#8221;yes&#8221; full_height=&#8221;yes&#8221; content_placement=&#8221;middle&#8221; css=&#8221;.vc_custom_1560176414197{margin-top: 30px !important;margin-bottom: -90px !important;}&#8221;][vc_column][vc_single_image image=&#8221;6346&#8243; img_size=&#8221;full&#8221; alignment=&#8221;center&#8221; css=&#8221;&#8221;][\/vc_column][\/vc_row]<\/p>\n<\/div>","protected":false},"excerpt":{"rendered":"<p>[vc_row css=&#8221;.vc_custom_1464951234466{margin-top: 60px !important;}&#8221;][vc_column width=&#8221;1\/2&#8243;][vc_column_text] Sobre a Le Boss Delicatessen A tradi\u00e7\u00e3o de presentear torna-se mais significativa quando os sonhos, desejos e emo\u00e7\u00f5es s\u00e3o traduzidos em um gesto de puro carinho. A Le Boss Delicatessen nasceu com o objetivo de transformar o ritual do presente em um processo de encantamento e magia. Somos uma empresa [&hellip;]<\/p>\n","protected":false},"author":1,"featured_media":5867,"parent":0,"menu_order":0,"comment_status":"closed","ping_status":"closed","template":"","meta":{"footnotes":""},"class_list":["post-2904","page","type-page","status-publish","has-post-thumbnail","hentry"],"_links":{"self":[{"href":"https:\/\/leboss.com.br\/novo\/wp-json\/wp\/v2\/pages\/2904","targetHints":{"allow":["GET"]}}],"collection":[{"href":"https:\/\/leboss.com.br\/novo\/wp-json\/wp\/v2\/pages"}],"about":[{"href":"https:\/\/leboss.com.br\/novo\/wp-json\/wp\/v2\/types\/page"}],"author":[{"embeddable":true,"href":"https:\/\/leboss.com.br\/novo\/wp-json\/wp\/v2\/users\/1"}],"replies":[{"embeddable":true,"href":"https:\/\/leboss.com.br\/novo\/wp-json\/wp\/v2\/comments?post=2904"}],"version-history":[{"count":15,"href":"https:\/\/leboss.com.br\/novo\/wp-json\/wp\/v2\/pages\/2904\/revisions"}],"predecessor-version":[{"id":8405,"href":"https:\/\/leboss.com.br\/novo\/wp-json\/wp\/v2\/pages\/2904\/revisions\/8405"}],"wp:featuredmedia":[{"embeddable":true,"href":"https:\/\/leboss.com.br\/novo\/wp-json\/wp\/v2\/media\/5867"}],"wp:attachment":[{"href":"https:\/\/leboss.com.br\/novo\/wp-json\/wp\/v2\/media?parent=2904"}],"curies":[{"name":"wp","href":"https:\/\/api.w.org\/{rel}","templated":true}]}}